{"id":1416,"date":"2021-08-29T15:47:44","date_gmt":"2021-08-29T12:47:44","guid":{"rendered":"http:\/\/www.adgreatdijital.com\/wp1\/?page_id=1416"},"modified":"2021-08-31T11:54:50","modified_gmt":"2021-08-31T08:54:50","slug":"hizmetler","status":"publish","type":"page","link":"http:\/\/www.alibeykoyestetik.com\/index.php\/hizmetler\/","title":{"rendered":"Hizmetler"},"content":{"rendered":"\n<h2 class=\"has-text-align-center\">H\u0130ZMETLER<\/h2>\n\n\n\n<div class=\"wp-block-smart-gutenberg-blocks-block-smart-gutengerb-features sg-features sg-features--3 sg-features--style1\" id=\"feature27\" data-smart-feature-gutter=\"40\" data-smart-feature-bgutter=\"0\"><div class=\"sg-features__inner\"><div class=\"sg-feature\"><span class=\"sg-feature__index\" style=\"display:none\">0<\/span><div class=\"sg-feature__image\"><img src=\"http:\/\/www.alibeykoyestetik.com\/wp-content\/uploads\/2021\/08\/igneli-epilasyon.jpg\"\/><span><\/span><\/div><div class=\"sg-feature__details\"><h3 class=\"sg-feature__title\">\u0130\u011fneli Epilasyon<\/h3><div class=\"sg-feature__text\"><p>\u0130\u011fneli epilasyon ak\u0131mla \u00e7al\u0131\u015f\u0131lan bir y\u00f6ntemdir. K\u0131l kanallar\u0131ndan g\u00f6nderilen ak\u0131m k\u0131l h\u00fccresinin yok olmas\u0131n\u0131 sa\u011flar. <\/p><\/div><div class=\"sg-feature__button\"><a class=\"sg-feature__link\" href=\"http:\/\/www.alibeykoyestetik.com\/\/index.php\/igneli-epilasyon\/\">DEVAMI<\/a><\/div><\/div><\/div><div class=\"sg-feature\"><span class=\"sg-feature__index\" style=\"display:none\">1<\/span><div class=\"sg-feature__image\"><img src=\"http:\/\/www.alibeykoyestetik.com\/wp-content\/uploads\/2021\/08\/leke-tedavi.png\"\/><span><\/span><\/div><div class=\"sg-feature__details\"><h3 class=\"sg-feature__title\">Leke Tedavisi<\/h3><div class=\"sg-feature__text\"><p>Melaninin anormal y\u00fcksek miktarlarda belli b\u00f6lgelerde toplanarak cilt lekeleri olu\u015fturmas\u0131 \u00e7e\u015fitli sebeplerden kaynaklan\u0131r.<\/p><\/div><div class=\"sg-feature__button\"><a class=\"sg-feature__link\" href=\"http:\/\/www.alibeykoyestetik.com\/\/index.php\/leke-tedavisi\/\">DEVAMI<\/a><\/div><\/div><\/div><div class=\"sg-feature\"><span class=\"sg-feature__index\" style=\"display:none\">2<\/span><div class=\"sg-feature__image\"><img src=\"http:\/\/www.alibeykoyestetik.com\/wp-content\/uploads\/2021\/08\/microblading.png\"\/><span><\/span><\/div><div class=\"sg-feature__details\"><h3 class=\"sg-feature__title\">Microblading<\/h3><div class=\"sg-feature__text\"><p>Ka\u015flar t\u0131pk\u0131 sa\u00e7lar\u0131m\u0131z gibi genetik etkenler ve \u00e7evresel fakt\u00f6rlere ba\u011fl\u0131 olarak de\u011fi\u015fiklik g\u00f6stermektedir. <\/p><\/div><div class=\"sg-feature__button\"><a class=\"sg-feature__link\" href=\"http:\/\/www.alibeykoyestetik.com\/\/index.php\/microblading\/\">DEVAMI<\/a><\/div><\/div><\/div><\/div><\/div>\n\n\n\n<div class=\"wp-block-smart-gutenberg-blocks-block-smart-gutengerb-features sg-features sg-features--3 sg-features--style1\" id=\"feature27\" data-smart-feature-gutter=\"40\" data-smart-feature-bgutter=\"0\"><div class=\"sg-features__inner\"><div class=\"sg-feature\"><span class=\"sg-feature__index\" style=\"display:none\">0<\/span><div class=\"sg-feature__image\"><img src=\"http:\/\/www.alibeykoyestetik.com\/wp-content\/uploads\/2021\/08\/hydrafacial.png\"\/><span><\/span><\/div><div class=\"sg-feature__details\"><h3 class=\"sg-feature__title\">Hydrafacial<\/h3><div class=\"sg-feature__text\"><p>\u00d6zel geli\u015ftirilmi\u015f Vortex teknolojisiyle cildinize ilk olarak \u00f6zel serum p\u00fcsk\u00fcrt\u00fcl\u00fcr. Ard\u0131ndan vakumlama y\u00f6ntemiyle &#8230;<\/p><\/div><div class=\"sg-feature__button\"><a class=\"sg-feature__link\" href=\"http:\/\/www.alibeykoyestetik.com\/\/index.php\/hydrafacial-cilt-bakimi\/\">DEVAMI<\/a><\/div><\/div><\/div><div class=\"sg-feature\"><span class=\"sg-feature__index\" style=\"display:none\">1<\/span><div class=\"sg-feature__image\"><img src=\"http:\/\/www.alibeykoyestetik.com\/wp-content\/uploads\/2021\/08\/kalici-makyaj-1.png\"\/><span><\/span><\/div><div class=\"sg-feature__details\"><h3 class=\"sg-feature__title\">Kal\u0131c\u0131 Makyaj<\/h3><div class=\"sg-feature__text\"><p>Kal\u0131c\u0131 makyaj veya daha do\u011fru ismiyle \u201cmikro-pigment uygulamas\u0131\u201d mikro, steril ve tek kullan\u0131ml\u0131k bir i\u011fne ile do\u011fal ve mineral renklerin deri y\u00fczeyinin&#8230;<\/p><\/div><div class=\"sg-feature__button\"><a class=\"sg-feature__link\" href=\"http:\/\/www.alibeykoyestetik.com\/\/index.php\/kalici-makyaj\/\">DEVAMI<\/a><\/div><\/div><\/div><div class=\"sg-feature\"><span class=\"sg-feature__index\" style=\"display:none\">2<\/span><div class=\"sg-feature__image\"><img src=\"http:\/\/www.alibeykoyestetik.com\/wp-content\/uploads\/2021\/08\/kirpik-liftingi.png\"\/><span><\/span><\/div><div class=\"sg-feature__details\"><h3 class=\"sg-feature__title\">Kirpik Liftingi<\/h3><div class=\"sg-feature__text\"><p> D\u00fcz kirpiklere sahip olanlar\u0131n s\u0131k tercih etti\u011fi bu uygulama, kirpiklere s\u00fcr\u00fclen baz\u0131 kimyasal sol\u00fcsyonlar ile uzun s\u00fcreli kalk\u0131kl\u0131k&#8230;<\/p><\/div><div class=\"sg-feature__button\"><a class=\"sg-feature__link\" href=\"http:\/\/www.alibeykoyestetik.com\/\/index.php\/kirpik-liftingi\/\">DEVAMI<\/a><\/div><\/div><\/div><\/div><\/div>\n\n\n\n<div class=\"wp-block-smart-gutenberg-blocks-block-smart-gutengerb-features sg-features sg-features--3 sg-features--style1\" id=\"feature27\" data-smart-feature-gutter=\"40\" data-smart-feature-bgutter=\"0\"><div class=\"sg-features__inner\"><div class=\"sg-feature\"><span class=\"sg-feature__index\" style=\"display:none\">0<\/span><div class=\"sg-feature__image\"><img src=\"http:\/\/www.alibeykoyestetik.com\/wp-content\/uploads\/2021\/08\/somon-dna.png\"\/><span><\/span><\/div><div class=\"sg-feature__details\"><h3 class=\"sg-feature__title\">Somon DNA<\/h3><div class=\"sg-feature__text\"><p>Saf hyal\u00fcronik asit ve somon bal\u0131\u011f\u0131 spermlerinden elde edilen DNA molek\u00fcllerinin, ciltte h\u00fccre tazeleme amac\u0131yla kullan\u0131ld\u0131\u011f\u0131 cilt&#8230;<\/p><\/div><div class=\"sg-feature__button\"><a class=\"sg-feature__link\" href=\"http:\/\/www.alibeykoyestetik.com\/\/index.php\/somon-dna\/\">DEVAMI<\/a><\/div><\/div><\/div><div class=\"sg-feature\"><span class=\"sg-feature__index\" style=\"display:none\">1<\/span><div class=\"sg-feature__image\"><img src=\"http:\/\/www.alibeykoyestetik.com\/wp-content\/uploads\/2021\/08\/cilt-bakimi.png\"\/><span><\/span><\/div><div class=\"sg-feature__details\"><h3 class=\"sg-feature__title\">Cilt Bak\u0131m\u0131<\/h3><div class=\"sg-feature__text\"><p>Cilt g\u00fczelli\u011fine d\u00fc\u015fk\u00fcn ki\u015filer eminiz medikal cilt bak\u0131m\u0131n\u0131n ne oldu\u011funu \u00e7ok iyi biliyorlar. Profesyonel cilt bak\u0131m\u0131, cildimize uygun cilt bak\u0131m&#8230;<\/p><\/div><div class=\"sg-feature__button\"><a class=\"sg-feature__link\" href=\"http:\/\/www.alibeykoyestetik.com\/\/index.php\/cilt-bakimi\/\">DEVAMI<\/a><\/div><\/div><\/div><div class=\"sg-feature\"><span class=\"sg-feature__index\" style=\"display:none\">2<\/span><div class=\"sg-feature__image\"><img src=\"http:\/\/www.alibeykoyestetik.com\/wp-content\/uploads\/2021\/08\/lazer.png\"\/><span><\/span><\/div><div class=\"sg-feature__details\"><h3 class=\"sg-feature__title\">Epilasyon<\/h3><div class=\"sg-feature__text\"><p>Klasik lazer epilasyonda minik yanma hissi olu\u015fabiliyor. Ac\u0131ma hissi uygulama yap\u0131lan b\u00f6lgenin hassasiyetine g\u00f6re de\u011fi\u015fiyor. <\/p><\/div><div class=\"sg-feature__button\"><a class=\"sg-feature__link\" href=\"http:\/\/www.alibeykoyestetik.com\/\/index.php\/epilasyon\/\">DEVAMI<\/a><\/div><\/div><\/div><\/div><\/div>\n","protected":false},"excerpt":{"rendered":"<p>H\u0130ZMETLER<\/p>\n","protected":false},"author":1,"featured_media":0,"parent":0,"menu_order":0,"comment_status":"closed","ping_status":"closed","template":"page-fullwidth.php","meta":[],"yoast_head":"<!-- This site is optimized with the Yoast SEO plugin v18.6 - https:\/\/yoast.com\/wordpress\/plugins\/seo\/ -->\n<title>Hizmetler - Alibeyk\u00f6y Estetik<\/title>\n<meta name=\"robots\" content=\"index, follow, max-snippet:-1, max-image-preview:large, max-video-preview:-1\" \/>\n<link rel=\"canonical\" href=\"http:\/\/www.alibeykoyestetik.com\/index.php\/hizmetler\/\" \/>\n<meta property=\"og:locale\" content=\"tr_TR\" \/>\n<meta property=\"og:type\" content=\"article\" \/>\n<meta property=\"og:title\" content=\"Hizmetler - Alibeyk\u00f6y Estetik\" \/>\n<meta property=\"og:description\" content=\"H\u0130ZMETLER\" \/>\n<meta property=\"og:url\" content=\"http:\/\/www.alibeykoyestetik.com\/index.php\/hizmetler\/\" \/>\n<meta property=\"og:site_name\" content=\"Alibeyk\u00f6y Estetik\" \/>\n<meta property=\"article:modified_time\" content=\"2021-08-31T08:54:50+00:00\" \/>\n<meta property=\"og:image\" content=\"http:\/\/www.alibeykoyestetik.com\/wp-content\/uploads\/2021\/08\/igneli-epilasyon.jpg\" \/>\n<meta name=\"twitter:card\" content=\"summary_large_image\" \/>\n<meta name=\"twitter:label1\" content=\"Tahmini okuma s\u00fcresi\" \/>\n\t<meta name=\"twitter:data1\" content=\"3 dakika\" \/>\n<script type=\"application\/ld+json\" class=\"yoast-schema-graph\">{\"@context\":\"https:\/\/schema.org\",\"@graph\":[{\"@type\":\"WebSite\",\"@id\":\"http:\/\/www.alibeykoyestetik.com\/#website\",\"url\":\"http:\/\/www.alibeykoyestetik.com\/\",\"name\":\"Alibeyk\u00f6y Estetik\",\"description\":\"\",\"potentialAction\":[{\"@type\":\"SearchAction\",\"target\":{\"@type\":\"EntryPoint\",\"urlTemplate\":\"http:\/\/www.alibeykoyestetik.com\/?s={search_term_string}\"},\"query-input\":\"required name=search_term_string\"}],\"inLanguage\":\"tr\"},{\"@type\":\"ImageObject\",\"@id\":\"http:\/\/www.alibeykoyestetik.com\/index.php\/hizmetler\/#primaryimage\",\"inLanguage\":\"tr\",\"url\":\"http:\/\/www.alibeykoyestetik.com\/wp-content\/uploads\/2021\/08\/igneli-epilasyon.jpg\",\"contentUrl\":\"http:\/\/www.alibeykoyestetik.com\/wp-content\/uploads\/2021\/08\/igneli-epilasyon.jpg\",\"width\":600,\"height\":400},{\"@type\":\"WebPage\",\"@id\":\"http:\/\/www.alibeykoyestetik.com\/index.php\/hizmetler\/#webpage\",\"url\":\"http:\/\/www.alibeykoyestetik.com\/index.php\/hizmetler\/\",\"name\":\"Hizmetler - Alibeyk\u00f6y Estetik\",\"isPartOf\":{\"@id\":\"http:\/\/www.alibeykoyestetik.com\/#website\"},\"primaryImageOfPage\":{\"@id\":\"http:\/\/www.alibeykoyestetik.com\/index.php\/hizmetler\/#primaryimage\"},\"datePublished\":\"2021-08-29T12:47:44+00:00\",\"dateModified\":\"2021-08-31T08:54:50+00:00\",\"breadcrumb\":{\"@id\":\"http:\/\/www.alibeykoyestetik.com\/index.php\/hizmetler\/#breadcrumb\"},\"inLanguage\":\"tr\",\"potentialAction\":[{\"@type\":\"ReadAction\",\"target\":[\"http:\/\/www.alibeykoyestetik.com\/index.php\/hizmetler\/\"]}]},{\"@type\":\"BreadcrumbList\",\"@id\":\"http:\/\/www.alibeykoyestetik.com\/index.php\/hizmetler\/#breadcrumb\",\"itemListElement\":[{\"@type\":\"ListItem\",\"position\":1,\"name\":\"Anasayfa\",\"item\":\"http:\/\/www.alibeykoyestetik.com\/\"},{\"@type\":\"ListItem\",\"position\":2,\"name\":\"Hizmetler\"}]}]}<\/script>\n<!-- \/ Yoast SEO plugin. -->","yoast_head_json":{"title":"Hizmetler - Alibeyk\u00f6y Estetik","robots":{"index":"index","follow":"follow","max-snippet":"max-snippet:-1","max-image-preview":"max-image-preview:large","max-video-preview":"max-video-preview:-1"},"canonical":"http:\/\/www.alibeykoyestetik.com\/index.php\/hizmetler\/","og_locale":"tr_TR","og_type":"article","og_title":"Hizmetler - Alibeyk\u00f6y Estetik","og_description":"H\u0130ZMETLER","og_url":"http:\/\/www.alibeykoyestetik.com\/index.php\/hizmetler\/","og_site_name":"Alibeyk\u00f6y Estetik","article_modified_time":"2021-08-31T08:54:50+00:00","og_image":[{"url":"http:\/\/www.alibeykoyestetik.com\/wp-content\/uploads\/2021\/08\/igneli-epilasyon.jpg"}],"twitter_card":"summary_large_image","twitter_misc":{"Tahmini okuma s\u00fcresi":"3 dakika"},"schema":{"@context":"https:\/\/schema.org","@graph":[{"@type":"WebSite","@id":"http:\/\/www.alibeykoyestetik.com\/#website","url":"http:\/\/www.alibeykoyestetik.com\/","name":"Alibeyk\u00f6y Estetik","description":"","potentialAction":[{"@type":"SearchAction","target":{"@type":"EntryPoint","urlTemplate":"http:\/\/www.alibeykoyestetik.com\/?s={search_term_string}"},"query-input":"required name=search_term_string"}],"inLanguage":"tr"},{"@type":"ImageObject","@id":"http:\/\/www.alibeykoyestetik.com\/index.php\/hizmetler\/#primaryimage","inLanguage":"tr","url":"http:\/\/www.alibeykoyestetik.com\/wp-content\/uploads\/2021\/08\/igneli-epilasyon.jpg","contentUrl":"http:\/\/www.alibeykoyestetik.com\/wp-content\/uploads\/2021\/08\/igneli-epilasyon.jpg","width":600,"height":400},{"@type":"WebPage","@id":"http:\/\/www.alibeykoyestetik.com\/index.php\/hizmetler\/#webpage","url":"http:\/\/www.alibeykoyestetik.com\/index.php\/hizmetler\/","name":"Hizmetler - Alibeyk\u00f6y Estetik","isPartOf":{"@id":"http:\/\/www.alibeykoyestetik.com\/#website"},"primaryImageOfPage":{"@id":"http:\/\/www.alibeykoyestetik.com\/index.php\/hizmetler\/#primaryimage"},"datePublished":"2021-08-29T12:47:44+00:00","dateModified":"2021-08-31T08:54:50+00:00","breadcrumb":{"@id":"http:\/\/www.alibeykoyestetik.com\/index.php\/hizmetler\/#breadcrumb"},"inLanguage":"tr","potentialAction":[{"@type":"ReadAction","target":["http:\/\/www.alibeykoyestetik.com\/index.php\/hizmetler\/"]}]},{"@type":"BreadcrumbList","@id":"http:\/\/www.alibeykoyestetik.com\/index.php\/hizmetler\/#breadcrumb","itemListElement":[{"@type":"ListItem","position":1,"name":"Anasayfa","item":"http:\/\/www.alibeykoyestetik.com\/"},{"@type":"ListItem","position":2,"name":"Hizmetler"}]}]}},"_links":{"self":[{"href":"http:\/\/www.alibeykoyestetik.com\/index.php\/wp-json\/wp\/v2\/pages\/1416"}],"collection":[{"href":"http:\/\/www.alibeykoyestetik.com\/index.php\/wp-json\/wp\/v2\/pages"}],"about":[{"href":"http:\/\/www.alibeykoyestetik.com\/index.php\/wp-json\/wp\/v2\/types\/page"}],"author":[{"embeddable":true,"href":"http:\/\/www.alibeykoyestetik.com\/index.php\/wp-json\/wp\/v2\/users\/1"}],"replies":[{"embeddable":true,"href":"http:\/\/www.alibeykoyestetik.com\/index.php\/wp-json\/wp\/v2\/comments?post=1416"}],"version-history":[{"count":3,"href":"http:\/\/www.alibeykoyestetik.com\/index.php\/wp-json\/wp\/v2\/pages\/1416\/revisions"}],"predecessor-version":[{"id":1525,"href":"http:\/\/www.alibeykoyestetik.com\/index.php\/wp-json\/wp\/v2\/pages\/1416\/revisions\/1525"}],"wp:attachment":[{"href":"http:\/\/www.alibeykoyestetik.com\/index.php\/wp-json\/wp\/v2\/media?parent=1416"}],"curies":[{"name":"wp","href":"https:\/\/api.w.org\/{rel}","templated":true}]}}